{"id":17,"date":"2024-10-23T10:54:54","date_gmt":"2024-10-23T10:54:54","guid":{"rendered":"https:\/\/ttc-world.com\/yeni\/?page_id=17"},"modified":"2024-10-23T11:54:51","modified_gmt":"2024-10-23T11:54:51","slug":"human-resources","status":"publish","type":"page","link":"https:\/\/ttc-world.com\/tr\/human-resources\/","title":{"rendered":"\u0130NSAN KAYNAKLARI"},"content":{"rendered":"<div data-elementor-type=\"wp-page\" data-elementor-id=\"17\" class=\"elementor elementor-17\" data-elementor-post-type=\"page\">\n\t\t\t\t<div class=\"elementor-element elementor-element-3fe3647 e-flex e-con-boxed e-con e-parent\" data-id=\"3fe3647\" data-element_type=\"container\" data-settings=\"{&quot;background_background&quot;:&quot;classic&quot;}\">\n\t\t\t\t\t<div class=\"e-con-inner\">\n\t\t\t\t<div class=\"elementor-element elementor-element-300bd83 elementor-widget elementor-widget-heading\" data-id=\"300bd83\" data-element_type=\"widget\" data-widget_type=\"heading.default\">\n\t\t\t\t<div class=\"elementor-widget-container\">\n\t\t\t<h2 class=\"elementor-heading-title elementor-size-default\">\u0130NSAN KAYNAKLARI\n<\/h2>\t\t<\/div>\n\t\t\t\t<\/div>\n\t\t\t\t\t<\/div>\n\t\t\t\t<\/div>\n\t\t<div class=\"elementor-element elementor-element-8d6f214 e-flex e-con-boxed e-con e-parent\" data-id=\"8d6f214\" data-element_type=\"container\">\n\t\t\t\t\t<div class=\"e-con-inner\">\n\t\t\t\t<div class=\"elementor-element elementor-element-db72df0 elementor-widget elementor-widget-heading\" data-id=\"db72df0\" data-element_type=\"widget\" data-widget_type=\"heading.default\">\n\t\t\t\t<div class=\"elementor-widget-container\">\n\t\t\t<h2 class=\"elementor-heading-title elementor-size-default\">A\u00e7\u0131k Pozisyonlar\n<\/h2>\t\t<\/div>\n\t\t\t\t<\/div>\n\t\t\t\t\t<\/div>\n\t\t\t\t<\/div>\n\t\t<div class=\"elementor-element elementor-element-2edf9d0 e-flex e-con-boxed e-con e-parent\" data-id=\"2edf9d0\" data-element_type=\"container\">\n\t\t\t\t\t<div class=\"e-con-inner\">\n\t\t<div class=\"elementor-element elementor-element-32f4010 e-con-full e-flex e-con e-child\" data-id=\"32f4010\" data-element_type=\"container\">\n\t\t<div class=\"elementor-element elementor-element-a859036 e-con-full e-flex e-con e-child\" data-id=\"a859036\" data-element_type=\"container\">\n\t\t\t\t<div class=\"elementor-element elementor-element-3f44c34 elementor-widget elementor-widget-image\" data-id=\"3f44c34\" data-element_type=\"widget\" data-widget_type=\"image.default\">\n\t\t\t\t<div class=\"elementor-widget-container\">\n\t\t\t\t\t\t\t\t\t\t\t\t\t<img fetchpriority=\"high\" decoding=\"async\" width=\"800\" height=\"192\" src=\"https:\/\/ttc-world.com\/wp-content\/uploads\/2024\/10\/ttc-world-logo-dark.svg\" class=\"attachment-large size-large wp-image-65\" alt=\"\" \/>\t\t\t\t\t\t\t\t\t\t\t\t\t<\/div>\n\t\t\t\t<\/div>\n\t\t\t\t<div class=\"elementor-element elementor-element-a4a3e66 elementor-widget elementor-widget-text-editor\" data-id=\"a4a3e66\" data-element_type=\"widget\" data-widget_type=\"text-editor.default\">\n\t\t\t\t<div class=\"elementor-widget-container\">\n\t\t\t\t\t\t\t<p>Yeni a\u00e7\u0131lacak U.S. Polo ve Cacharel ma\u011fazalar\u0131m\u0131zda her pozisyonda personel ve y\u00f6neticiler aranmaktad\u0131r, foto\u011frafl\u0131 \u00f6zge\u00e7mi\u015finiz\u00a0<a href=\"mailto:ik@ttc-world.com\">info@ttc-world.com<\/a>\u00a0mail adresine g\u00f6ndermenizi rica ederiz.<\/p>\t\t\t\t\t\t<\/div>\n\t\t\t\t<\/div>\n\t\t\t\t<\/div>\n\t\t<div class=\"elementor-element elementor-element-47487ed e-con-full e-flex e-con e-child\" data-id=\"47487ed\" data-element_type=\"container\">\n\t\t\t\t<div class=\"elementor-element elementor-element-22196fd elementor-widget elementor-widget-image\" data-id=\"22196fd\" data-element_type=\"widget\" data-widget_type=\"image.default\">\n\t\t\t\t<div class=\"elementor-widget-container\">\n\t\t\t\t\t\t\t\t\t\t\t\t\t<img decoding=\"async\" width=\"200\" height=\"200\" src=\"https:\/\/ttc-world.com\/wp-content\/uploads\/2024\/10\/dwt-logo.png\" class=\"attachment-large size-large wp-image-47\" alt=\"\" srcset=\"https:\/\/ttc-world.com\/wp-content\/uploads\/2024\/10\/dwt-logo.png 200w, https:\/\/ttc-world.com\/wp-content\/uploads\/2024\/10\/dwt-logo-150x150.png 150w, https:\/\/ttc-world.com\/wp-content\/uploads\/2024\/10\/dwt-logo-12x12.png 12w\" sizes=\"(max-width: 200px) 100vw, 200px\" \/>\t\t\t\t\t\t\t\t\t\t\t\t\t<\/div>\n\t\t\t\t<\/div>\n\t\t\t\t<div class=\"elementor-element elementor-element-ddc9dd7 elementor-widget elementor-widget-text-editor\" data-id=\"ddc9dd7\" data-element_type=\"widget\" data-widget_type=\"text-editor.default\">\n\t\t\t\t<div class=\"elementor-widget-container\">\n\t\t\t\t\t\t\t<p>DWT seyahat acentemizde Kiev ba\u015fta olmak \u00fczere di\u011fer \u015fehirlerde a\u00e7\u0131lacak ofislerde sat\u0131\u015f personeli ve y\u00f6neticiler aranmaktad\u0131r, ilgilenenlerin foto\u011frafl\u0131 \u00f6zge\u00e7mi\u015flerini\u00a0<a href=\"mailto:ik@diamondworld-travel.com\">info@diamondworld-travel.com<\/a>\u00a0mail adresine g\u00f6ndermenizi rica ederiz.<\/p>\t\t\t\t\t\t<\/div>\n\t\t\t\t<\/div>\n\t\t\t\t<\/div>\n\t\t\t\t<\/div>\n\t\t\t\t\t<\/div>\n\t\t\t\t<\/div>\n\t\t\t\t<\/div>","protected":false},"excerpt":{"rendered":"<p>HUMAN RESOURCES Open positions We are looking for personnel and managers in all positions in our Polo and Cacharel stores, which will be newly opened in Ukraine, please send your CV with photo to\u00a0info@ttc-world.com\u00a0e-mail address. In our DWT travel agency, we are looking for sales personnel and managers in offices to be opened in other [&hellip;]<\/p>","protected":false},"author":1,"featured_media":0,"parent":0,"menu_order":0,"comment_status":"closed","ping_status":"closed","template":"","meta":{"inline_featured_image":false,"footnotes":""},"class_list":["post-17","page","type-page","status-publish","hentry"],"_links":{"self":[{"href":"https:\/\/ttc-world.com\/tr\/wp-json\/wp\/v2\/pages\/17","targetHints":{"allow":["GET"]}}],"collection":[{"href":"https:\/\/ttc-world.com\/tr\/wp-json\/wp\/v2\/pages"}],"about":[{"href":"https:\/\/ttc-world.com\/tr\/wp-json\/wp\/v2\/types\/page"}],"author":[{"embeddable":true,"href":"https:\/\/ttc-world.com\/tr\/wp-json\/wp\/v2\/users\/1"}],"replies":[{"embeddable":true,"href":"https:\/\/ttc-world.com\/tr\/wp-json\/wp\/v2\/comments?post=17"}],"version-history":[{"count":7,"href":"https:\/\/ttc-world.com\/tr\/wp-json\/wp\/v2\/pages\/17\/revisions"}],"predecessor-version":[{"id":181,"href":"https:\/\/ttc-world.com\/tr\/wp-json\/wp\/v2\/pages\/17\/revisions\/181"}],"wp:attachment":[{"href":"https:\/\/ttc-world.com\/tr\/wp-json\/wp\/v2\/media?parent=17"}],"curies":[{"name":"wp","href":"https:\/\/api.w.org\/{rel}","templated":true}]}}