{"id":11,"date":"2024-10-23T10:54:34","date_gmt":"2024-10-23T10:54:34","guid":{"rendered":"https:\/\/ttc-world.com\/yeni\/?page_id=11"},"modified":"2024-11-24T08:56:07","modified_gmt":"2024-11-24T08:56:07","slug":"home","status":"publish","type":"page","link":"https:\/\/ttc-world.com\/tr\/","title":{"rendered":"ANA SAYFA"},"content":{"rendered":"<div data-elementor-type=\"wp-page\" data-elementor-id=\"11\" class=\"elementor elementor-11\" data-elementor-post-type=\"page\">\n\t\t\t\t<div class=\"elementor-element elementor-element-d01c2a3 e-flex e-con-boxed e-con e-parent\" data-id=\"d01c2a3\" data-element_type=\"container\" data-settings=\"{&quot;background_background&quot;:&quot;classic&quot;}\">\n\t\t\t\t\t<div class=\"e-con-inner\">\n\t\t\t\t<div class=\"elementor-element elementor-element-4873e15 elementor-widget elementor-widget-heading\" data-id=\"4873e15\" data-element_type=\"widget\" data-widget_type=\"heading.default\">\n\t\t\t\t<div class=\"elementor-widget-container\">\n\t\t\t<h2 class=\"elementor-heading-title elementor-size-default\">TTC WORLD\n<\/h2>\t\t<\/div>\n\t\t\t\t<\/div>\n\t\t\t\t<div class=\"elementor-element elementor-element-3d52885 elementor-widget elementor-widget-text-editor\" data-id=\"3d52885\" data-element_type=\"widget\" data-widget_type=\"text-editor.default\">\n\t\t\t\t<div class=\"elementor-widget-container\">\n\t\t\t\t\t\t\t<h6 class=\"uppercase mb16\">D\u00dcNYA B\u0130Z\u0130M TUVAL\u0130M\u0130Z<\/h6><p class=\"lead mb40\">Turizm, otelcilik ve tekstil sekt\u00f6r\u00fcnde y\u0131llar\u0131n verdi\u011fi tecr\u00fcbe ile ara vermeden hizmetlerimize devam etmekteyiz. \u00c7ok uluslu ekibimiz ve farkl\u0131 b\u00f6lgelerde bulunan ofislerimiz ile uluslararas\u0131 ticarette \u00e7\u00f6z\u00fcm odakl\u0131 ve ekosistemi destekleyici operasyonlar\u0131m\u0131z\u0131 her ge\u00e7en g\u00fcn geli\u015ftiriyoruz.<\/p>\t\t\t\t\t\t<\/div>\n\t\t\t\t<\/div>\n\t\t\t\t<div class=\"elementor-element elementor-element-ba50512 elementor-align-left elementor-widget elementor-widget-button\" data-id=\"ba50512\" data-element_type=\"widget\" data-widget_type=\"button.default\">\n\t\t\t\t<div class=\"elementor-widget-container\">\n\t\t\t\t\t\t\t<div class=\"elementor-button-wrapper\">\n\t\t\t\t\t<a class=\"elementor-button elementor-button-link elementor-size-sm\" href=\"\/tr\/contact-us\/\">\n\t\t\t\t\t\t<span class=\"elementor-button-content-wrapper\">\n\t\t\t\t\t\t\t\t\t<span class=\"elementor-button-text\">B\u0130ZE ULA\u015eIN<\/span>\n\t\t\t\t\t<\/span>\n\t\t\t\t\t<\/a>\n\t\t\t\t<\/div>\n\t\t\t\t\t\t<\/div>\n\t\t\t\t<\/div>\n\t\t\t\t\t<\/div>\n\t\t\t\t<\/div>\n\t\t\t\t<\/div>","protected":false},"excerpt":{"rendered":"<p>TTC WORLD The world \u0131s our CANVAS With years of experience in tourism, hotel management and textile industry, we continue to serve every day without a break. With our multinational team and offices located in different regions, our solution-oriented and eco-system-supporting operations in international trade are developing every day. CONTACT US<\/p>","protected":false},"author":1,"featured_media":0,"parent":0,"menu_order":0,"comment_status":"closed","ping_status":"closed","template":"","meta":{"inline_featured_image":false,"footnotes":""},"class_list":["post-11","page","type-page","status-publish","hentry"],"_links":{"self":[{"href":"https:\/\/ttc-world.com\/tr\/wp-json\/wp\/v2\/pages\/11","targetHints":{"allow":["GET"]}}],"collection":[{"href":"https:\/\/ttc-world.com\/tr\/wp-json\/wp\/v2\/pages"}],"about":[{"href":"https:\/\/ttc-world.com\/tr\/wp-json\/wp\/v2\/types\/page"}],"author":[{"embeddable":true,"href":"https:\/\/ttc-world.com\/tr\/wp-json\/wp\/v2\/users\/1"}],"replies":[{"embeddable":true,"href":"https:\/\/ttc-world.com\/tr\/wp-json\/wp\/v2\/comments?post=11"}],"version-history":[{"count":67,"href":"https:\/\/ttc-world.com\/tr\/wp-json\/wp\/v2\/pages\/11\/revisions"}],"predecessor-version":[{"id":210,"href":"https:\/\/ttc-world.com\/tr\/wp-json\/wp\/v2\/pages\/11\/revisions\/210"}],"wp:attachment":[{"href":"https:\/\/ttc-world.com\/tr\/wp-json\/wp\/v2\/media?parent=11"}],"curies":[{"name":"wp","href":"https:\/\/api.w.org\/{rel}","templated":true}]}}